{"id":342,"date":"2024-10-30T15:42:19","date_gmt":"2024-10-30T15:42:19","guid":{"rendered":"https:\/\/www.wordcurators.com\/politica-de-privacidad\/"},"modified":"2026-02-11T21:41:04","modified_gmt":"2026-02-11T21:41:04","slug":"privacy-policy","status":"publish","type":"page","link":"https:\/\/www.wordcurators.com\/en\/privacy-policy\/","title":{"rendered":"Privacy Policy"},"content":{"rendered":"\n<h2 class=\"wp-block-heading\">Aviso legal<\/h2>\n\n\n\n<p><strong>DATOS GENERALES<\/strong><br>En cumplimiento en lo previsto en el art\u00edculo 10 de la Ley 34\/2002, de 11 de julio, de servicios de la sociedad de la informaci\u00f3n y de comercio electr\u00f3nico (en adelante LSSI), se informa a los usuarios del portal que los datos identificativos del propietario del dominio y portal de internet&nbsp;<strong>https:\/\/wordcurators.com<\/strong>&nbsp;(en adelante&nbsp;<strong><strong>wordcurators.com<\/strong><\/strong>) son:<\/p>\n\n\n\n<p><br><strong>PROPIETARIO<\/strong><br>Victoria Guti\u00e9rrez del Anillo<\/p>\n\n\n\n<p><strong>Correo electr\u00f3nico:<\/strong><br>victoria@wordcurators.com<br><\/p>\n\n\n\n<p><br><strong>CONDICIONES DE USO<\/strong><br><strong><strong>wordcurators.com<\/strong><\/strong>, pone a disposici\u00f3n de los usuarios el portal web&nbsp;<strong><strong>wordcurators.com<\/strong><\/strong>, con la finalidad de dar a conocer y publicitar los trabajos de wordcurators.com, as\u00ed como el resto de acciones realizadas en el marco de su actividad propia.<br>Cualquier persona que acceda al contenido del portal web&nbsp;<strong>wordcurators.com<\/strong>, tendr\u00e1 la consideraci\u00f3n de usuario a los efectos previstos en el presente aviso legal.<\/p>\n\n\n\n<p><br><strong>El acceso o utilizaci\u00f3n del portal web wordcurators.com por parte del usuario es libre, voluntario y gratuito, y supone la plena aceptaci\u00f3n de los t\u00e9rminos y condiciones que conforman el presente aviso legal e implica que reconoce haberlas le\u00eddo y aceptado, debi\u00e9ndose de abstener de acceder o utilizar el portal en caso de no aceptaci\u00f3n<\/strong>.<\/p>\n\n\n\n<p><br>El simple acceso al sitio web no supone, por s\u00ed mismo, ninguna relaci\u00f3n comercial o contractual de cualquier tipo con&nbsp;<strong>wordcurators.com.<\/strong><br>En caso que el usuario desea contratar alg\u00fan ser vicio o producto ofertado directamente por&nbsp;<strong>wordcurators.com<\/strong>&nbsp;en el portal web&nbsp;<strong>wordcurators.com<\/strong>, incluso en el caso que se prevean como gratuitos, deber\u00e1 hacerlo mediante los canales o enlaces que se ponen a disposici\u00f3n a tal efecto, requiri\u00e9ndose en dicho caso la aceptaci\u00f3n expresa de las condiciones de contrataci\u00f3n relativas a cada negocio jur\u00eddico en cuesti\u00f3n, que ser\u00e1n informadas de forma previa a la contrataci\u00f3n.<br>El usuario debe hacer un uso adecuado, proporcionado y l\u00edcito del portal web y su contenido, respetando en todo momento las normas, t\u00e9rminos y condiciones del presente portal, as\u00ed como la legislaci\u00f3n vigente del momento, la moral y buenas costumbres del momento generalmente aceptadas y el orden p\u00fablico.<\/p>\n\n\n\n<p><br>Queda totalmente prohibida cualquier acci\u00f3n dirigida a alterar el contenido o funcionamiento del portal web.<br>Para el acceso y utilizaci\u00f3n general del portal web, no es necesario el registro y\/o identificaci\u00f3n del usuario.<br>Solo ser\u00e1 preciso el acceso mediante registro y\/o identificaci\u00f3n, para el acceso a servicios restringidos para los usuarios que tengan contratado alg\u00fan servicio o producto con&nbsp;<strong>wordcurators.com.<\/strong><\/p>\n\n\n\n<p><br>En caso que el usuario remita alg\u00fan tipo de informaci\u00f3n a&nbsp;<strong>wordcurators.com<\/strong>, ya sea mediante la suscripci\u00f3n del formulario de contacto o por cualquier otro medio, el usuario est\u00e1 obligado a facilitar informaci\u00f3n o contenidos que sean l\u00edcitos, veraces, exactos y de libre disposici\u00f3n, que no infringen ninguna norma, en especial las relativas a la protecci\u00f3n de datos de car\u00e1cter personal, propiedad intelectual e industrial y que no lesionen bienes o derechos de terceros susceptibles de indemnizaci\u00f3n, ni el deber legal o contractual de secreto o confidencialidad, debiendo de comunicar de forma inmediata a&nbsp;<strong>wordcurators.com<\/strong>, cualquier variaci\u00f3n de dichas circunstancias.<br>En cualquier caso, el usuario exonera de responsabilidad a&nbsp;<strong>wordcurators.com<\/strong>&nbsp;y a todas las personas de ella dependientes, por la recepci\u00f3n, posesi\u00f3n o uso de dichas informaciones o contenidos remitidos por el usuario.<\/p>\n\n\n\n<p><br><strong>PROPIEDAD INTELECTUAL E INDUSTRIAL<\/strong><br>El usuario reconoce y acepta que todo el contenido del portal web&nbsp;<strong>wordcurators.com<\/strong>, incluidos a t\u00edtulo meramente de ejemplo y no limitativo, los textos, mensajes, fotograf\u00edas, dise\u00f1os, logos, c\u00f3digo fuente, gr\u00e1ficos, im\u00e1genes, dibujos, audio, v\u00eddeo, programas inform\u00e1ticos, bases de datos, productos multimedia, el \u00ablook-and-feel\u00bb, las marcas, los nombres comerciales y los signos distintivos que aparecen en la misma, etc., son propiedad exclusiva de&nbsp;<strong>wordcurators.com<\/strong>&nbsp;o bien son utilizados por ella en virtud de contrato, autorizaci\u00f3n o licencia del leg\u00edtimo propietario.<\/p>\n\n\n\n<p>Por consiguiente, todo el contenido del portal est\u00e1 protegido por las Leyes y otras normas sobre propiedad intelectual e industrial.<\/p>\n\n\n\n<p><br>El acceso por el usuario a este portal web no implica ning\u00fan tipo de renuncia, transmisi\u00f3n, cesi\u00f3n total o parcial o licencia de dichos derechos de propiedad intelectual e industrial, ni confiere ning\u00fan derecho de utilizaci\u00f3n, alteraci\u00f3n, explotaci\u00f3n, reproducci\u00f3n, distribuci\u00f3n, comunicaci\u00f3n p\u00fablica, transformaci\u00f3n, de registro por cualquier sistema de recuperaci\u00f3n de informaci\u00f3n, ni de cualquier otro tipo de derecho, sin la previa y expresa autorizaci\u00f3n por escrito de los respectivos titulares de dichos derechos.<br>Por consiguiente, queda totalmente prohibida cualquier modalidad de explotaci\u00f3n, de reproducci\u00f3n, copia o imitaci\u00f3n, transformaci\u00f3n, distribuci\u00f3n, cesi\u00f3n a terceros, comunicaci\u00f3n p\u00fablica, as\u00ed como cualquier actividad que atente contra los derechos de propiedad intelectual o industrial, por cualquier medio o soporte, sobre todos los elementos contenidos o publicados en la web, sin la autorizaci\u00f3n expresa de&nbsp;<strong>wordcurators.com<\/strong>, obtenida de forma previa.<br>Se autoriza al usuario a acceder, visualizar, imprimir, descargar y almacenar los contenidos y\/o los elementos insertados en la web exclusivamente para su uso personal, privado y no lucrativo, esto es sin fines comerciales, siempre que se mantenga la indicaci\u00f3n sobre el origen de los mismos y el s\u00edmbolo del copyright y\/o notas de propiedad industrial de sus titulares.<br>El usuario se compromete a no suprimir o alterar las menciones como copyright, \u00a9 y TM que aparecen en la p\u00e1gina web, en cualquiera de los materiales en ella contenidos, en cualquiera de sus servicios o informaci\u00f3n obtenidos a trav\u00e9s de los mismos, con el fin de asegurar la protecci\u00f3n de dichos derechos.<\/p>\n\n\n\n<p><br><strong>wordcurators.com<\/strong>, se reserva el ejercicio de cualquier acci\u00f3n administrativa, extrajudicial o judicial en defensa o protecci\u00f3n de sus derechos.<\/p>\n\n\n\n<p><br><strong>RESPONSABILIDAD<\/strong><br><strong>wordcurators.com<\/strong>&nbsp;se compromete a realizar todos los esfuerzos razonables para garantizar la accesibilidad y disponibilidad del portal durante todos los d\u00edas del a\u00f1o.<\/p>\n\n\n\n<p><br>Aun as\u00ed,&nbsp;<strong>wordcurators.com<\/strong>&nbsp;no garantiza ni se hace responsable de la disponibilidad, el acceso continuado, ni la correcta visualizaci\u00f3n, descarga o utilidad del portal o de los elementos e informaciones contenidas en las p\u00e1ginas de&nbsp;<strong>wordcurators.com<\/strong>, que pueden verse impedidos, dificultados o interrumpidos por factores o circunstancias que est\u00e1n fuera de su control, ni tampoco que la informaci\u00f3n sea exacta, completa o actual, ni que puedan existir intromisiones ileg\u00edtimas mediante el uso de programas malignos de cualquier tipo y a trav\u00e9s de cualquier medio de comunicaci\u00f3n, tales como virus inform\u00e1ticos o cualesquiera otros.<\/p>\n\n\n\n<p><br><strong>wordcurators.com<\/strong>&nbsp;se reserva el derecho a alterar, eliminar, interrumpir, suspender, cancelar el acceso, los servicios o los contenidos del portal sin necesidad de preaviso y en cualquier momento.<\/p>\n\n\n\n<p><br>El Usuario reconoce y acepta que el acceso y uso del portal, de los contenidos y\/o de los servicios se lleva a cabo de forma gratuita, libre y voluntaria y, bajo su \u00fanica y exclusiva responsabilidad, y&nbsp;<strong><u>exime<\/u><\/strong>&nbsp;a&nbsp;<strong>wordcurators.com<\/strong>&nbsp;de cualquier responsabilidad por da\u00f1os, perjuicios, p\u00e9rdidas, reclamaciones o cualquier otro gasto de cualquier naturaleza que pueda derivar del acceso o utilizaci\u00f3n del portal web en su conjunto.<\/p>\n\n\n\n<p><br>Por consiguiente, siendo el acceso del usuario al presente portal web de car\u00e1cter libre, gratuito y voluntario, a t\u00edtulo indicativo y no exhaustivo ni limitativo, no ser\u00e1n en ning\u00fan caso hecho generador de responsabilidad de&nbsp;wordcurators.com los defectos, errores o falta de veracidad de la informaci\u00f3n o de actualizaci\u00f3n, la dificultad y limitaci\u00f3n de acceso, la falta de disponibilidad, continuidad o utilidad del funcionamiento del portal web y de los contenidos o servicios que se incorporan, el defecto de visualizaci\u00f3n, las intromisiones ileg\u00edtimas mediante el uso de programas malignos de cualquier tipo y a trav\u00e9s de cualquier medio de comunicaci\u00f3n (virus inform\u00e1ticos o cualesquiera otros), errores de seguridad o navegaci\u00f3n producidos por un mal funcionamiento del navegador o por el uso de versiones no actualizadas del mismo, los da\u00f1os y perjuicios incluso morales derivados del acceso al contenido a otros portales o contenidos de terceros y, en definitiva, de cualquier acto o suceso que pueda derivar del acceso o utilizaci\u00f3n de los portales web de&nbsp;<strong>wordcurators.com<\/strong>&nbsp;pone a disposici\u00f3n de los usuarios enlaces a otros contenidos de terceros (<em>links<\/em>) a efectos puramente informativos, que en el momento previo a su inclusi\u00f3n han sido comprobados, pero sin que en todo momento conozca, controle, avale o recomiende los contenidos, productos o servicios facilitados por los sitios web a los que se establecen enlaces.<\/p>\n\n\n\n<p><br>Por ello&nbsp;<strong>wordcurators.com<\/strong>&nbsp;no asume responsabilidad alguna por cualquier aspecto relativo a la p\u00e1gina web a la que se establece un enlace desde el presente portal web.<\/p>\n\n\n\n<p><br>Para el caso que por causas ajenas a la voluntad de&nbsp;<strong>wordcurators.com<\/strong>&nbsp;un usuario acceda mediante cualquier&nbsp;<em>link<\/em>&nbsp;del presente portal web a otro cuyo contenido, actividad o informaci\u00f3n resulte il\u00edcito o lesione bienes o derechos de terceros susceptibles de indemnizaci\u00f3n, deber\u00e1 comunicarlo a la direcci\u00f3n de correo electr\u00f3nico victoria@wordcurators.com, que se pone a disposici\u00f3n del usuario, con el fin de tener conocimiento de dichos hechos y proceder a la inmediata supresi\u00f3n o inutilizaci\u00f3n del enlace si procede.<\/p>\n\n\n\n<p><br>Cualquier persona que quiera incluir dentro de su p\u00e1gina web o cualquier otra aplicaci\u00f3n un enlace o link hacia el sitio Web de<strong>&nbsp;wordcurators.com<\/strong>, deber\u00e1 cumplir las condiciones siguientes:<br>a) el link solo se permitir\u00e1 a la p\u00e1gina de inicio, esto es&nbsp;<strong>wordcurators.com<\/strong>&nbsp;estando por tanto prohibidos los links profundos y los frames.<br>b) no se realizar\u00e1n con el enlace, manifestaciones o indicaciones falsas, incorrectas o denigratorias, ni contrarias a la ley, la moral o las buenas costumbres, sobre&nbsp;<strong>wordcurators.com,<\/strong>&nbsp;sus directivos, sus empleados, sus colaboradores, sus productos o servicios, etc.<br>c) no se autorizan enlaces desde p\u00e1ginas que contengan contenidos o manifestaciones il\u00edcitas o ilegales, de car\u00e1cter xen\u00f3fobo o racista, degradantes, pornogr\u00e1fico, atentatorios contra el orden p\u00fablico o contra las normas de civismo y pac\u00edfica convivencia y, en definitiva, de cualquier otro tipo que pueda perjudicar a la buena imagen, fama y reputaci\u00f3n de&nbsp;<strong>wordcurators.com.<\/strong><br>d) el establecimiento del link no supone que entre&nbsp;wordcurators.com y el titular de la p\u00e1gina web en la que se establezca, exista alg\u00fan tipo de v\u00ednculo o de relaci\u00f3n jur\u00eddica.<br>e)&nbsp;<strong>wordcurators.com&nbsp;<\/strong>no ser\u00e1 responsable de los contenidos o servicios ofrecidos en la web desde la que se realiza el link.<\/p>\n\n\n\n<p><br><strong>LEY APLICABLE<\/strong><br>Todas las condiciones que conforman el presente aviso legal se interpretar\u00e1n y regir\u00e1n de conformidad con la legislaci\u00f3n espa\u00f1ola y comunitaria que sean de aplicaci\u00f3n, a la que el propietario del portal web y los usuarios del mismo se someten de forma expresa.<\/p>\n","protected":false},"excerpt":{"rendered":"<p>Aviso legal DATOS GENERALESEn cumplimiento en lo previsto en el art\u00edculo 10 de la Ley 34\/2002, de 11 de julio, de servicios de la sociedad de la informaci\u00f3n y de comercio electr\u00f3nico (en adelante LSSI), se informa a los usuarios del portal que los datos identificativos del propietario del dominio y portal de internet&nbsp;https:\/\/wordcurators.com&nbsp;(en adelante&nbsp;wordcurators.com)&#8230;<\/p>\n","protected":false},"author":1,"featured_media":0,"parent":0,"menu_order":0,"comment_status":"closed","ping_status":"closed","template":"","meta":{"_seopress_robots_primary_cat":"","_seopress_titles_title":"","_seopress_titles_desc":"","_seopress_robots_index":"","_kad_blocks_custom_css":"","_kad_blocks_head_custom_js":"","_kad_blocks_body_custom_js":"","_kad_blocks_footer_custom_js":"","_kad_post_transparent":"","_kad_post_title":"","_kad_post_layout":"","_kad_post_sidebar_id":"","_kad_post_content_style":"","_kad_post_vertical_padding":"","_kad_post_feature":"","_kad_post_feature_position":"","_kad_post_header":false,"_kad_post_footer":false,"_kad_post_classname":"","footnotes":""},"class_list":["post-342","page","type-page","status-publish","hentry"],"taxonomy_info":[],"featured_image_src_large":false,"author_info":{"display_name":"wordcurators_oz7csk","author_link":"https:\/\/www.wordcurators.com\/en\/author\/wordcurators_oz7csk\/"},"comment_info":0,"_links":{"self":[{"href":"https:\/\/www.wordcurators.com\/en\/wp-json\/wp\/v2\/pages\/342","targetHints":{"allow":["GET"]}}],"collection":[{"href":"https:\/\/www.wordcurators.com\/en\/wp-json\/wp\/v2\/pages"}],"about":[{"href":"https:\/\/www.wordcurators.com\/en\/wp-json\/wp\/v2\/types\/page"}],"author":[{"embeddable":true,"href":"https:\/\/www.wordcurators.com\/en\/wp-json\/wp\/v2\/users\/1"}],"replies":[{"embeddable":true,"href":"https:\/\/www.wordcurators.com\/en\/wp-json\/wp\/v2\/comments?post=342"}],"version-history":[{"count":3,"href":"https:\/\/www.wordcurators.com\/en\/wp-json\/wp\/v2\/pages\/342\/revisions"}],"predecessor-version":[{"id":633,"href":"https:\/\/www.wordcurators.com\/en\/wp-json\/wp\/v2\/pages\/342\/revisions\/633"}],"wp:attachment":[{"href":"https:\/\/www.wordcurators.com\/en\/wp-json\/wp\/v2\/media?parent=342"}],"curies":[{"name":"wp","href":"https:\/\/api.w.org\/{rel}","templated":true}]}}