{"id":304,"date":"2024-11-15T11:10:40","date_gmt":"2024-11-15T11:10:40","guid":{"rendered":"https:\/\/www.wordcurators.com\/contacto\/"},"modified":"2025-05-01T19:20:07","modified_gmt":"2025-05-01T19:20:07","slug":"contacte","status":"publish","type":"page","link":"https:\/\/www.wordcurators.com\/ca\/contacte\/","title":{"rendered":"Contacte"},"content":{"rendered":"<style>.kb-row-layout-id304_4f782b-d6 > .kt-row-column-wrap{align-content:start;}:where(.kb-row-layout-id304_4f782b-d6 > .kt-row-column-wrap) > .wp-block-kadence-column{justify-content:start;}.kb-row-layout-id304_4f782b-d6 > .kt-row-column-wrap{column-gap:var(--global-kb-gap-md, 2rem);row-gap:var(--global-kb-gap-none, 0rem );max-width:var( --global-content-width, 1200px );padding-left:var(--global-content-edge-padding);padding-right:var(--global-content-edge-padding);padding-top:220px;padding-bottom:80px;grid-template-columns:minmax(0, 1fr);}.kb-row-layout-id304_4f782b-d6 > .kt-row-layout-overlay{opacity:0.30;}.kb-row-layout-id304_4f782b-d6{z-index:1475;position:relative;}.kb-row-layout-id304_4f782b-d6 .kt-row-layout-bottom-sep{height:100px;}.kb-row-layout-id304_4f782b-d6 .kt-row-layout-bottom-sep svg{width:100%;}.kb-row-layout-id304_4f782b-d6 .kt-row-layout-bottom-sep svg{fill:#ffffff!important;}@media all and (max-width: 1024px){.kb-row-layout-id304_4f782b-d6 > .kt-row-column-wrap{grid-template-columns:minmax(0, 1fr);}}@media all and (max-width: 1024px){.kb-row-layout-id304_4f782b-d6 .kt-row-layout-bottom-sep{height:px;}}@media all and (max-width: 1024px){.kb-row-layout-id304_4f782b-d6 .kt-row-layout-bottom-sep svg{width:%;}}@media all and (max-width: 767px){.kb-row-layout-id304_4f782b-d6 > .kt-row-column-wrap{grid-template-columns:minmax(0, 1fr);}.kb-row-layout-id304_4f782b-d6 .kt-row-layout-bottom-sep{height:px;}.kb-row-layout-id304_4f782b-d6 .kt-row-layout-bottom-sep svg{width:%;}}.kb-row-layout-id304_4f782b-d6 {z-index: 10;}<\/style><div class=\"kb-row-layout-wrap kb-row-layout-id304_4f782b-d6 alignfull has-theme-palette7-background-color kt-row-has-bg wp-block-kadence-rowlayout\"><div class=\"kt-row-column-wrap kt-has-1-columns kt-row-layout-equal kt-tab-layout-inherit kt-mobile-layout-row kt-row-valign-top kb-theme-content-width\">\n<style>.kadence-column304_ed0b88-55 > .kt-inside-inner-col,.kadence-column304_ed0b88-55 > .kt-inside-inner-col:before{border-top-left-radius:0px;border-top-right-radius:0px;border-bottom-right-radius:0px;border-bottom-left-radius:0px;}.kadence-column304_ed0b88-55 > .kt-inside-inner-col{column-gap:var(--global-kb-gap-sm, 1rem);}.kadence-column304_ed0b88-55 > .kt-inside-inner-col{flex-direction:column;}.kadence-column304_ed0b88-55 > .kt-inside-inner-col > .aligncenter{width:100%;}.kadence-column304_ed0b88-55 > .kt-inside-inner-col:before{opacity:0.3;}.kadence-column304_ed0b88-55{position:relative;}@media all and (max-width: 1024px){.kadence-column304_ed0b88-55 > .kt-inside-inner-col{flex-direction:column;justify-content:center;}}@media all and (max-width: 767px){.kadence-column304_ed0b88-55 > .kt-inside-inner-col{flex-direction:column;justify-content:center;}}<\/style>\n<div class=\"wp-block-kadence-column kadence-column304_ed0b88-55 inner-column-1\"><div class=\"kt-inside-inner-col\"><style>.wp-block-kadence-advancedheading.kt-adv-heading304_b2c2c1-1d, .wp-block-kadence-advancedheading.kt-adv-heading304_b2c2c1-1d[data-kb-block=\"kb-adv-heading304_b2c2c1-1d\"]{max-width:960px;margin-right:auto;margin-left:auto;margin-top:0em;margin-bottom:var(--global-kb-spacing-lg, 3rem);text-align:center;font-size:var(--global-kb-font-size-xl, 3rem);line-height:1.3;font-style:normal;}.wp-block-kadence-advancedheading.kt-adv-heading304_b2c2c1-1d mark.kt-highlight, .wp-block-kadence-advancedheading.kt-adv-heading304_b2c2c1-1d[data-kb-block=\"kb-adv-heading304_b2c2c1-1d\"] mark.kt-highlight{font-style:normal;color:#f76a0c;-webkit-box-decoration-break:clone;box-decoration-break:clone;padding-top:0px;padding-right:0px;padding-bottom:0px;padding-left:0px;}.wp-block-kadence-advancedheading.kt-adv-heading304_b2c2c1-1d img.kb-inline-image, .wp-block-kadence-advancedheading.kt-adv-heading304_b2c2c1-1d[data-kb-block=\"kb-adv-heading304_b2c2c1-1d\"] img.kb-inline-image{width:150px;vertical-align:baseline;}@media all and (max-width: 1024px){.wp-block-kadence-advancedheading.kt-adv-heading304_b2c2c1-1d, .wp-block-kadence-advancedheading.kt-adv-heading304_b2c2c1-1d[data-kb-block=\"kb-adv-heading304_b2c2c1-1d\"]{font-size:var(--global-kb-font-size-xl, 3rem);line-height:1.3;}}@media all and (max-width: 767px){.wp-block-kadence-advancedheading.kt-adv-heading304_b2c2c1-1d, .wp-block-kadence-advancedheading.kt-adv-heading304_b2c2c1-1d[data-kb-block=\"kb-adv-heading304_b2c2c1-1d\"]{font-size:var(--global-kb-font-size-xl, 3rem);line-height:1.3;}}<\/style>\n<h2 class=\"kt-adv-heading304_b2c2c1-1d wp-block-kadence-advancedheading has-theme-palette-3-color has-text-color\" data-kb-block=\"kb-adv-heading304_b2c2c1-1d\">Oferim serveis de traducci\u00f3 i correcci\u00f3 professional en l\u00ednia.<\/h2>\n\n\n<style>.wp-block-kadence-advancedheading.kt-adv-heading304_384ece-39, .wp-block-kadence-advancedheading.kt-adv-heading304_384ece-39[data-kb-block=\"kb-adv-heading304_384ece-39\"]{display:block;text-align:center;font-size:var(--global-kb-font-size-lg, 2rem);line-height:1.4;font-style:normal;}.wp-block-kadence-advancedheading.kt-adv-heading304_384ece-39 mark.kt-highlight, .wp-block-kadence-advancedheading.kt-adv-heading304_384ece-39[data-kb-block=\"kb-adv-heading304_384ece-39\"] mark.kt-highlight{font-style:normal;color:#f76a0c;-webkit-box-decoration-break:clone;box-decoration-break:clone;padding-top:0px;padding-right:0px;padding-bottom:0px;padding-left:0px;}.wp-block-kadence-advancedheading.kt-adv-heading304_384ece-39 img.kb-inline-image, .wp-block-kadence-advancedheading.kt-adv-heading304_384ece-39[data-kb-block=\"kb-adv-heading304_384ece-39\"] img.kb-inline-image{width:150px;vertical-align:baseline;}@media all and (max-width: 1024px){.wp-block-kadence-advancedheading.kt-adv-heading304_384ece-39, .wp-block-kadence-advancedheading.kt-adv-heading304_384ece-39[data-kb-block=\"kb-adv-heading304_384ece-39\"]{font-size:var(--global-kb-font-size-lg, 2rem);}}@media all and (max-width: 767px){.wp-block-kadence-advancedheading.kt-adv-heading304_384ece-39, .wp-block-kadence-advancedheading.kt-adv-heading304_384ece-39[data-kb-block=\"kb-adv-heading304_384ece-39\"]{font-size:var(--global-kb-font-size-lg, 2rem);}}<\/style>\n<span class=\"kt-adv-heading304_384ece-39 mw900 wp-block-kadence-advancedheading\" data-kb-block=\"kb-adv-heading304_384ece-39\"><a href=\"mailto:ailish@wordcurators.com\">ailish@wordcurators.com<\/a><br><a href=\"mailto:victoria@wordcurators.com\">victoria@wordcurators.com<\/a><\/span>\n<\/div><\/div>\n\n<\/div><\/div>","protected":false},"excerpt":{"rendered":"<p>Oferim serveis de traducci\u00f3 i correcci\u00f3 professional en l\u00ednia. ailish@wordcurators.comvictoria@wordcurators.com<\/p>\n","protected":false},"author":1,"featured_media":0,"parent":0,"menu_order":0,"comment_status":"closed","ping_status":"closed","template":"","meta":{"_seopress_robots_primary_cat":"","_seopress_titles_title":"","_seopress_titles_desc":"","_seopress_robots_index":"","_kad_blocks_custom_css":"","_kad_blocks_head_custom_js":"","_kad_blocks_body_custom_js":"","_kad_blocks_footer_custom_js":"","_kad_post_transparent":"","_kad_post_title":"hide","_kad_post_layout":"fullwidth","_kad_post_sidebar_id":"","_kad_post_content_style":"unboxed","_kad_post_vertical_padding":"hide","_kad_post_feature":"hide","_kad_post_feature_position":"","_kad_post_header":false,"_kad_post_footer":false,"_kad_post_classname":"","footnotes":""},"class_list":["post-304","page","type-page","status-publish","hentry"],"taxonomy_info":[],"featured_image_src_large":false,"author_info":{"display_name":"wordcurators_oz7csk","author_link":"https:\/\/www.wordcurators.com\/ca\/author\/wordcurators_oz7csk\/"},"comment_info":0,"_links":{"self":[{"href":"https:\/\/www.wordcurators.com\/ca\/wp-json\/wp\/v2\/pages\/304","targetHints":{"allow":["GET"]}}],"collection":[{"href":"https:\/\/www.wordcurators.com\/ca\/wp-json\/wp\/v2\/pages"}],"about":[{"href":"https:\/\/www.wordcurators.com\/ca\/wp-json\/wp\/v2\/types\/page"}],"author":[{"embeddable":true,"href":"https:\/\/www.wordcurators.com\/ca\/wp-json\/wp\/v2\/users\/1"}],"replies":[{"embeddable":true,"href":"https:\/\/www.wordcurators.com\/ca\/wp-json\/wp\/v2\/comments?post=304"}],"version-history":[{"count":4,"href":"https:\/\/www.wordcurators.com\/ca\/wp-json\/wp\/v2\/pages\/304\/revisions"}],"predecessor-version":[{"id":558,"href":"https:\/\/www.wordcurators.com\/ca\/wp-json\/wp\/v2\/pages\/304\/revisions\/558"}],"wp:attachment":[{"href":"https:\/\/www.wordcurators.com\/ca\/wp-json\/wp\/v2\/media?parent=304"}],"curies":[{"name":"wp","href":"https:\/\/api.w.org\/{rel}","templated":true}]}}